{"id":555,"date":"2022-04-20T02:42:01","date_gmt":"2022-04-20T00:42:01","guid":{"rendered":"https:\/\/bipservices.net\/?page_id=555"},"modified":"2022-06-23T03:01:41","modified_gmt":"2022-06-23T01:01:41","slug":"presentation","status":"publish","type":"page","link":"https:\/\/bipservices.net\/?page_id=555","title":{"rendered":"Pr\u00e9sentation"},"content":{"rendered":"\n<figure class=\"wp-block-gallery alignleft columns-2 is-cropped\"><ul class=\"blocks-gallery-grid\"><li class=\"blocks-gallery-item\"><figure><img loading=\"lazy\" width=\"511\" height=\"630\" src=\"https:\/\/bipservices.net\/wp-content\/uploads\/securite-1.jpeg\" alt=\"\" data-id=\"575\" class=\"wp-image-575\" srcset=\"https:\/\/bipservices.net\/wp-content\/uploads\/securite-1.jpeg 511w, https:\/\/bipservices.net\/wp-content\/uploads\/securite-1-243x300.jpeg 243w\" sizes=\"(max-width: 511px) 100vw, 511px\" \/><\/figure><\/li><li class=\"blocks-gallery-item\"><figure><img loading=\"lazy\" width=\"800\" height=\"600\" src=\"https:\/\/bipservices.net\/wp-content\/uploads\/cons.jpeg\" alt=\"\" data-id=\"586\" data-full-url=\"https:\/\/bipservices.net\/wp-content\/uploads\/cons.jpeg\" data-link=\"https:\/\/bipservices.net\/?attachment_id=586\" class=\"wp-image-586\" srcset=\"https:\/\/bipservices.net\/wp-content\/uploads\/cons.jpeg 800w, https:\/\/bipservices.net\/wp-content\/uploads\/cons-300x225.jpeg 300w, https:\/\/bipservices.net\/wp-content\/uploads\/cons-768x576.jpeg 768w\" sizes=\"(max-width: 800px) 100vw, 800px\" \/><\/figure><\/li><\/ul><\/figure>\n\n\n\n<p>La Soci\u00e9t\u00e9 <strong> BIP&rsquo;SERVICES <\/strong> est une soci\u00e9t\u00e9 relevant du droit Congolais.  elle fait preuve aujourd\u2019hui d\u2019une exp\u00e9rience incontestable dans ses domaines de comp\u00e9tence. <\/p>\n\n\n\n<p><strong>BIP&rsquo;SERVICES<\/strong>, est avant tout une \u00e9quipe de plus de 100 employ\u00e9s qui mettent leurs comp\u00e9tences, leur expertise et leur savoir-faire au service de votre entreprise, structure et collectivit\u00e9. <\/p>\n\n\n\n<p>Au Congo depuis plus de trois ans, nous nous effor\u00e7ons d\u2019\u00e9tablir des relations \u00e0 long terme avec nos clients bas\u00e9es sur le respect mutuel, l\u2019honn\u00eatet\u00e9 et l\u2019\u00e9quit\u00e9. Pour construire ces liens, nous fournissons un service de qualit\u00e9, s\u00fbr et opportun et anticiper les besoins de nos clients. Notre attention au d\u00e9tail et notre attitude de service nous permettent de construire des espaces intemporels pour nos clients, laissant un h\u00e9ritage pour les g\u00e9n\u00e9rations \u00e0 venir.<\/p>\n\n\n\n<p><\/p>\n","protected":false},"excerpt":{"rendered":"<p>La Soci\u00e9t\u00e9 BIP&rsquo;SERVICES est une soci\u00e9t\u00e9 relevant du droit Congolais. elle fait preuve aujourd\u2019hui d\u2019une exp\u00e9rience incontestable dans ses domaines de comp\u00e9tence. BIP&rsquo;SERVICES, est avant tout une \u00e9quipe de plus de 100 employ\u00e9s qui mettent leurs comp\u00e9tences, leur expertise et leur savoir-faire au service de votre entreprise, structure et collectivit\u00e9. Au Congo depuis plus de [&hellip;]<\/p>\n","protected":false},"author":1,"featured_media":0,"parent":0,"menu_order":0,"comment_status":"closed","ping_status":"closed","template":"","meta":[],"yoast_head":"<!-- This site is optimized with the Yoast SEO plugin v17.4 - https:\/\/yoast.com\/wordpress\/plugins\/seo\/ -->\n<meta name=\"robots\" content=\"index, follow, max-snippet:-1, max-image-preview:large, max-video-preview:-1\" \/>\n<link rel=\"canonical\" href=\"https:\/\/bipservices.net\/?page_id=555\" \/>\n<meta property=\"og:locale\" content=\"fr_FR\" \/>\n<meta property=\"og:type\" content=\"article\" \/>\n<meta property=\"og:title\" content=\"Pr\u00e9sentation - BIP&#039; SERVICES\" \/>\n<meta property=\"og:description\" content=\"La Soci\u00e9t\u00e9 BIP&rsquo;SERVICES est une soci\u00e9t\u00e9 relevant du droit Congolais. elle fait preuve aujourd\u2019hui d\u2019une exp\u00e9rience incontestable dans ses domaines de comp\u00e9tence. BIP&rsquo;SERVICES, est avant tout une \u00e9quipe de plus de 100 employ\u00e9s qui mettent leurs comp\u00e9tences, leur expertise et leur savoir-faire au service de votre entreprise, structure et collectivit\u00e9. Au Congo depuis plus de [&hellip;]\" \/>\n<meta property=\"og:url\" content=\"https:\/\/bipservices.net\/?page_id=555\" \/>\n<meta property=\"og:site_name\" content=\"BIP&#039; SERVICES\" \/>\n<meta property=\"article:modified_time\" content=\"2022-06-23T01:01:41+00:00\" \/>\n<meta property=\"og:image\" content=\"https:\/\/bipservices.net\/wp-content\/uploads\/securite-1.jpeg\" \/>\n<meta name=\"twitter:card\" content=\"summary_large_image\" \/>\n<meta name=\"twitter:label1\" content=\"Dur\u00e9e de lecture est.\" \/>\n\t<meta name=\"twitter:data1\" content=\"1 minute\" \/>\n<script type=\"application\/ld+json\" class=\"yoast-schema-graph\">{\"@context\":\"https:\/\/schema.org\",\"@graph\":[{\"@type\":\"WebSite\",\"@id\":\"https:\/\/bipservices.net\/#website\",\"url\":\"https:\/\/bipservices.net\/\",\"name\":\"BIP&#039; SERVICES\",\"description\":\"Seule l&#039;efficacit\\u00e9 compte\",\"potentialAction\":[{\"@type\":\"SearchAction\",\"target\":{\"@type\":\"EntryPoint\",\"urlTemplate\":\"https:\/\/bipservices.net\/?s={search_term_string}\"},\"query-input\":\"required name=search_term_string\"}],\"inLanguage\":\"fr-FR\"},{\"@type\":\"ImageObject\",\"@id\":\"https:\/\/bipservices.net\/?page_id=555#primaryimage\",\"inLanguage\":\"fr-FR\",\"url\":\"https:\/\/bipservices.net\/wp-content\/uploads\/securite-1.jpeg\",\"contentUrl\":\"https:\/\/bipservices.net\/wp-content\/uploads\/securite-1.jpeg\",\"width\":511,\"height\":630},{\"@type\":\"WebPage\",\"@id\":\"https:\/\/bipservices.net\/?page_id=555#webpage\",\"url\":\"https:\/\/bipservices.net\/?page_id=555\",\"name\":\"Pr\\u00e9sentation - BIP&#039; SERVICES\",\"isPartOf\":{\"@id\":\"https:\/\/bipservices.net\/#website\"},\"primaryImageOfPage\":{\"@id\":\"https:\/\/bipservices.net\/?page_id=555#primaryimage\"},\"datePublished\":\"2022-04-20T00:42:01+00:00\",\"dateModified\":\"2022-06-23T01:01:41+00:00\",\"breadcrumb\":{\"@id\":\"https:\/\/bipservices.net\/?page_id=555#breadcrumb\"},\"inLanguage\":\"fr-FR\",\"potentialAction\":[{\"@type\":\"ReadAction\",\"target\":[\"https:\/\/bipservices.net\/?page_id=555\"]}]},{\"@type\":\"BreadcrumbList\",\"@id\":\"https:\/\/bipservices.net\/?page_id=555#breadcrumb\",\"itemListElement\":[{\"@type\":\"ListItem\",\"position\":1,\"name\":\"Accueil\",\"item\":\"https:\/\/bipservices.net\/\"},{\"@type\":\"ListItem\",\"position\":2,\"name\":\"Pr\\u00e9sentation\"}]}]}<\/script>\n<!-- \/ Yoast SEO plugin. -->","yoast_head_json":{"robots":{"index":"index","follow":"follow","max-snippet":"max-snippet:-1","max-image-preview":"max-image-preview:large","max-video-preview":"max-video-preview:-1"},"canonical":"https:\/\/bipservices.net\/?page_id=555","og_locale":"fr_FR","og_type":"article","og_title":"Pr\u00e9sentation - BIP&#039; SERVICES","og_description":"La Soci\u00e9t\u00e9 BIP&rsquo;SERVICES est une soci\u00e9t\u00e9 relevant du droit Congolais. elle fait preuve aujourd\u2019hui d\u2019une exp\u00e9rience incontestable dans ses domaines de comp\u00e9tence. BIP&rsquo;SERVICES, est avant tout une \u00e9quipe de plus de 100 employ\u00e9s qui mettent leurs comp\u00e9tences, leur expertise et leur savoir-faire au service de votre entreprise, structure et collectivit\u00e9. Au Congo depuis plus de [&hellip;]","og_url":"https:\/\/bipservices.net\/?page_id=555","og_site_name":"BIP&#039; SERVICES","article_modified_time":"2022-06-23T01:01:41+00:00","og_image":[{"url":"https:\/\/bipservices.net\/wp-content\/uploads\/securite-1.jpeg"}],"twitter_card":"summary_large_image","twitter_misc":{"Dur\u00e9e de lecture est.":"1 minute"},"schema":{"@context":"https:\/\/schema.org","@graph":[{"@type":"WebSite","@id":"https:\/\/bipservices.net\/#website","url":"https:\/\/bipservices.net\/","name":"BIP&#039; SERVICES","description":"Seule l&#039;efficacit\u00e9 compte","potentialAction":[{"@type":"SearchAction","target":{"@type":"EntryPoint","urlTemplate":"https:\/\/bipservices.net\/?s={search_term_string}"},"query-input":"required name=search_term_string"}],"inLanguage":"fr-FR"},{"@type":"ImageObject","@id":"https:\/\/bipservices.net\/?page_id=555#primaryimage","inLanguage":"fr-FR","url":"https:\/\/bipservices.net\/wp-content\/uploads\/securite-1.jpeg","contentUrl":"https:\/\/bipservices.net\/wp-content\/uploads\/securite-1.jpeg","width":511,"height":630},{"@type":"WebPage","@id":"https:\/\/bipservices.net\/?page_id=555#webpage","url":"https:\/\/bipservices.net\/?page_id=555","name":"Pr\u00e9sentation - BIP&#039; SERVICES","isPartOf":{"@id":"https:\/\/bipservices.net\/#website"},"primaryImageOfPage":{"@id":"https:\/\/bipservices.net\/?page_id=555#primaryimage"},"datePublished":"2022-04-20T00:42:01+00:00","dateModified":"2022-06-23T01:01:41+00:00","breadcrumb":{"@id":"https:\/\/bipservices.net\/?page_id=555#breadcrumb"},"inLanguage":"fr-FR","potentialAction":[{"@type":"ReadAction","target":["https:\/\/bipservices.net\/?page_id=555"]}]},{"@type":"BreadcrumbList","@id":"https:\/\/bipservices.net\/?page_id=555#breadcrumb","itemListElement":[{"@type":"ListItem","position":1,"name":"Accueil","item":"https:\/\/bipservices.net\/"},{"@type":"ListItem","position":2,"name":"Pr\u00e9sentation"}]}]}},"_links":{"self":[{"href":"https:\/\/bipservices.net\/index.php?rest_route=\/wp\/v2\/pages\/555"}],"collection":[{"href":"https:\/\/bipservices.net\/index.php?rest_route=\/wp\/v2\/pages"}],"about":[{"href":"https:\/\/bipservices.net\/index.php?rest_route=\/wp\/v2\/types\/page"}],"author":[{"embeddable":true,"href":"https:\/\/bipservices.net\/index.php?rest_route=\/wp\/v2\/users\/1"}],"replies":[{"embeddable":true,"href":"https:\/\/bipservices.net\/index.php?rest_route=%2Fwp%2Fv2%2Fcomments&post=555"}],"version-history":[{"count":3,"href":"https:\/\/bipservices.net\/index.php?rest_route=\/wp\/v2\/pages\/555\/revisions"}],"predecessor-version":[{"id":587,"href":"https:\/\/bipservices.net\/index.php?rest_route=\/wp\/v2\/pages\/555\/revisions\/587"}],"wp:attachment":[{"href":"https:\/\/bipservices.net\/index.php?rest_route=%2Fwp%2Fv2%2Fmedia&parent=555"}],"curies":[{"name":"wp","href":"https:\/\/api.w.org\/{rel}","templated":true}]}}