{"id":628,"date":"2024-07-23T01:52:05","date_gmt":"2024-07-22T23:52:05","guid":{"rendered":"https:\/\/bipservices.net\/?page_id=628"},"modified":"2024-08-12T17:47:46","modified_gmt":"2024-08-12T15:47:46","slug":"facility-management","status":"publish","type":"page","link":"https:\/\/bipservices.net\/?page_id=628","title":{"rendered":"Facility Management"},"content":{"rendered":"\n<div class=\"wp-block-image\"><figure class=\"alignleft size-full is-resized\"><img loading=\"lazy\" src=\"https:\/\/bipservices.net\/wp-content\/uploads\/facility-management-software-1-1.jpg\" alt=\"\" class=\"wp-image-633\" width=\"337\" height=\"225\" srcset=\"https:\/\/bipservices.net\/wp-content\/uploads\/facility-management-software-1-1.jpg 826w, https:\/\/bipservices.net\/wp-content\/uploads\/facility-management-software-1-1-300x200.jpg 300w, https:\/\/bipservices.net\/wp-content\/uploads\/facility-management-software-1-1-768x513.jpg 768w\" sizes=\"(max-width: 337px) 100vw, 337px\" \/><\/figure><\/div>\n\n\n\n<p>Pour le succ\u00e8s de leurs op\u00e9rations, les entreprises du monde entier d\u00e9pendent du <strong>Facility Management<\/strong>.<\/p>\n\n\n\n<p>En mati\u00e8re de <strong>Facility Management<\/strong>, <strong>BIP\u2019 SERVICES<\/strong>, assure pour ses clients la gestion de l\u2019environnements de travail, et en mati\u00e8re immobilier, nous veillons au bon fonctionnement de votre immeuble et des services g\u00e9n\u00e9raux destin\u00e9s aux utilisateurs. Nous employons au quotidien \u00e0 coordonner les t\u00e2ches relatives \u00e0 la maintenance technique des immeubles et \u00e0 faire respecter les r\u00e8gles d\u2019hygi\u00e8nes et les normes de s\u00e9curit\u00e9. Garant de l\u2019\u00e9tat des \u00e9quipements, du mat\u00e9riel, des infrastructures et des b\u00e2timents, nous supervisons, organisons et coordonnons les services g\u00e9n\u00e9raux, achats et immobiliers au quotidien.<\/p>\n\n\n\n<p class=\"has-text-align-center\"><strong>LIVRAISON GAZ AZOTE ET ENTRETIEN DE LA PLATE FORME D&rsquo;UN DE NOS CLIENTS ET MISE A DISPOSITION DU PERSONNEL QUALIFIE POUR L&rsquo;INSTALLATION <\/strong><\/p>\n\n\n\n<figure class=\"wp-block-gallery columns-3 is-cropped\"><ul class=\"blocks-gallery-grid\"><li class=\"blocks-gallery-item\"><figure><img loading=\"lazy\" width=\"1024\" height=\"768\" src=\"https:\/\/bipservices.net\/wp-content\/uploads\/WhatsApp-Image-2024-08-12-a-17.23.23_4062b3b4-1024x768.jpg\" alt=\"\" data-id=\"688\" data-full-url=\"https:\/\/bipservices.net\/wp-content\/uploads\/WhatsApp-Image-2024-08-12-a-17.23.23_4062b3b4.jpg\" data-link=\"https:\/\/bipservices.net\/?attachment_id=688\" class=\"wp-image-688\" srcset=\"https:\/\/bipservices.net\/wp-content\/uploads\/WhatsApp-Image-2024-08-12-a-17.23.23_4062b3b4-1024x768.jpg 1024w, https:\/\/bipservices.net\/wp-content\/uploads\/WhatsApp-Image-2024-08-12-a-17.23.23_4062b3b4-300x225.jpg 300w, https:\/\/bipservices.net\/wp-content\/uploads\/WhatsApp-Image-2024-08-12-a-17.23.23_4062b3b4-768x576.jpg 768w, https:\/\/bipservices.net\/wp-content\/uploads\/WhatsApp-Image-2024-08-12-a-17.23.23_4062b3b4.jpg 1080w\" sizes=\"(max-width: 1024px) 100vw, 1024px\" \/><\/figure><\/li><li class=\"blocks-gallery-item\"><figure><img loading=\"lazy\" width=\"432\" height=\"960\" src=\"https:\/\/bipservices.net\/wp-content\/uploads\/WhatsApp-Image-2024-08-12-a-17.38.39_434dcdae.jpg\" alt=\"\" data-id=\"696\" data-full-url=\"https:\/\/bipservices.net\/wp-content\/uploads\/WhatsApp-Image-2024-08-12-a-17.38.39_434dcdae.jpg\" data-link=\"https:\/\/bipservices.net\/?attachment_id=696\" class=\"wp-image-696\" srcset=\"https:\/\/bipservices.net\/wp-content\/uploads\/WhatsApp-Image-2024-08-12-a-17.38.39_434dcdae.jpg 432w, https:\/\/bipservices.net\/wp-content\/uploads\/WhatsApp-Image-2024-08-12-a-17.38.39_434dcdae-135x300.jpg 135w\" sizes=\"(max-width: 432px) 100vw, 432px\" \/><\/figure><\/li><li class=\"blocks-gallery-item\"><figure><img loading=\"lazy\" width=\"768\" height=\"1024\" src=\"https:\/\/bipservices.net\/wp-content\/uploads\/WhatsApp-Image-2024-08-12-a-17.23.24_b4c9f7a1-768x1024.jpg\" alt=\"\" data-id=\"690\" data-full-url=\"https:\/\/bipservices.net\/wp-content\/uploads\/WhatsApp-Image-2024-08-12-a-17.23.24_b4c9f7a1.jpg\" data-link=\"https:\/\/bipservices.net\/?attachment_id=690\" class=\"wp-image-690\" srcset=\"https:\/\/bipservices.net\/wp-content\/uploads\/WhatsApp-Image-2024-08-12-a-17.23.24_b4c9f7a1-768x1024.jpg 768w, https:\/\/bipservices.net\/wp-content\/uploads\/WhatsApp-Image-2024-08-12-a-17.23.24_b4c9f7a1-225x300.jpg 225w, https:\/\/bipservices.net\/wp-content\/uploads\/WhatsApp-Image-2024-08-12-a-17.23.24_b4c9f7a1.jpg 810w\" sizes=\"(max-width: 768px) 100vw, 768px\" \/><\/figure><\/li><li class=\"blocks-gallery-item\"><figure><img loading=\"lazy\" width=\"768\" height=\"1024\" src=\"https:\/\/bipservices.net\/wp-content\/uploads\/WhatsApp-Image-2024-08-12-a-17.23.26_609a9cd6-768x1024.jpg\" alt=\"\" data-id=\"691\" data-full-url=\"https:\/\/bipservices.net\/wp-content\/uploads\/WhatsApp-Image-2024-08-12-a-17.23.26_609a9cd6.jpg\" data-link=\"https:\/\/bipservices.net\/?attachment_id=691\" class=\"wp-image-691\" srcset=\"https:\/\/bipservices.net\/wp-content\/uploads\/WhatsApp-Image-2024-08-12-a-17.23.26_609a9cd6-768x1024.jpg 768w, https:\/\/bipservices.net\/wp-content\/uploads\/WhatsApp-Image-2024-08-12-a-17.23.26_609a9cd6-225x300.jpg 225w, https:\/\/bipservices.net\/wp-content\/uploads\/WhatsApp-Image-2024-08-12-a-17.23.26_609a9cd6.jpg 810w\" sizes=\"(max-width: 768px) 100vw, 768px\" \/><\/figure><\/li><li class=\"blocks-gallery-item\"><figure><img loading=\"lazy\" width=\"768\" height=\"1024\" src=\"https:\/\/bipservices.net\/wp-content\/uploads\/WhatsApp-Image-2024-08-12-a-17.23.26_af086424-768x1024.jpg\" alt=\"\" data-id=\"692\" data-full-url=\"https:\/\/bipservices.net\/wp-content\/uploads\/WhatsApp-Image-2024-08-12-a-17.23.26_af086424.jpg\" data-link=\"https:\/\/bipservices.net\/?attachment_id=692\" class=\"wp-image-692\" srcset=\"https:\/\/bipservices.net\/wp-content\/uploads\/WhatsApp-Image-2024-08-12-a-17.23.26_af086424-768x1024.jpg 768w, https:\/\/bipservices.net\/wp-content\/uploads\/WhatsApp-Image-2024-08-12-a-17.23.26_af086424-225x300.jpg 225w, https:\/\/bipservices.net\/wp-content\/uploads\/WhatsApp-Image-2024-08-12-a-17.23.26_af086424.jpg 810w\" sizes=\"(max-width: 768px) 100vw, 768px\" \/><\/figure><\/li><li class=\"blocks-gallery-item\"><figure><img loading=\"lazy\" width=\"768\" height=\"1024\" src=\"https:\/\/bipservices.net\/wp-content\/uploads\/WhatsApp-Image-2024-08-12-a-17.23.26_e3616c26-768x1024.jpg\" alt=\"\" data-id=\"693\" data-full-url=\"https:\/\/bipservices.net\/wp-content\/uploads\/WhatsApp-Image-2024-08-12-a-17.23.26_e3616c26.jpg\" data-link=\"https:\/\/bipservices.net\/?attachment_id=693\" class=\"wp-image-693\" srcset=\"https:\/\/bipservices.net\/wp-content\/uploads\/WhatsApp-Image-2024-08-12-a-17.23.26_e3616c26-768x1024.jpg 768w, https:\/\/bipservices.net\/wp-content\/uploads\/WhatsApp-Image-2024-08-12-a-17.23.26_e3616c26-225x300.jpg 225w, https:\/\/bipservices.net\/wp-content\/uploads\/WhatsApp-Image-2024-08-12-a-17.23.26_e3616c26.jpg 810w\" sizes=\"(max-width: 768px) 100vw, 768px\" \/><\/figure><\/li><\/ul><\/figure>\n\n\n\n<figure class=\"wp-block-gallery columns-3 is-cropped\"><ul class=\"blocks-gallery-grid\"><li class=\"blocks-gallery-item\"><figure><img loading=\"lazy\" width=\"1024\" height=\"768\" src=\"https:\/\/bipservices.net\/wp-content\/uploads\/WhatsApp-Image-2024-08-12-a-17.23.23_4062b3b4-1-1024x768.jpg\" alt=\"\" data-id=\"698\" data-full-url=\"https:\/\/bipservices.net\/wp-content\/uploads\/WhatsApp-Image-2024-08-12-a-17.23.23_4062b3b4-1.jpg\" data-link=\"https:\/\/bipservices.net\/?attachment_id=698\" class=\"wp-image-698\" srcset=\"https:\/\/bipservices.net\/wp-content\/uploads\/WhatsApp-Image-2024-08-12-a-17.23.23_4062b3b4-1-1024x768.jpg 1024w, https:\/\/bipservices.net\/wp-content\/uploads\/WhatsApp-Image-2024-08-12-a-17.23.23_4062b3b4-1-300x225.jpg 300w, https:\/\/bipservices.net\/wp-content\/uploads\/WhatsApp-Image-2024-08-12-a-17.23.23_4062b3b4-1-768x576.jpg 768w, https:\/\/bipservices.net\/wp-content\/uploads\/WhatsApp-Image-2024-08-12-a-17.23.23_4062b3b4-1.jpg 1080w\" sizes=\"(max-width: 1024px) 100vw, 1024px\" \/><\/figure><\/li><li class=\"blocks-gallery-item\"><figure><img loading=\"lazy\" width=\"768\" height=\"1024\" src=\"https:\/\/bipservices.net\/wp-content\/uploads\/WhatsApp-Image-2024-08-12-a-17.23.26_55ac5eee-768x1024.jpg\" alt=\"\" data-id=\"699\" data-full-url=\"https:\/\/bipservices.net\/wp-content\/uploads\/WhatsApp-Image-2024-08-12-a-17.23.26_55ac5eee.jpg\" data-link=\"https:\/\/bipservices.net\/?attachment_id=699\" class=\"wp-image-699\" srcset=\"https:\/\/bipservices.net\/wp-content\/uploads\/WhatsApp-Image-2024-08-12-a-17.23.26_55ac5eee-768x1024.jpg 768w, https:\/\/bipservices.net\/wp-content\/uploads\/WhatsApp-Image-2024-08-12-a-17.23.26_55ac5eee-225x300.jpg 225w, https:\/\/bipservices.net\/wp-content\/uploads\/WhatsApp-Image-2024-08-12-a-17.23.26_55ac5eee.jpg 810w\" sizes=\"(max-width: 768px) 100vw, 768px\" \/><\/figure><\/li><li class=\"blocks-gallery-item\"><figure><img loading=\"lazy\" width=\"768\" height=\"1024\" src=\"https:\/\/bipservices.net\/wp-content\/uploads\/WhatsApp-Image-2024-08-12-a-17.23.26_609a9cd6-1-768x1024.jpg\" alt=\"\" data-id=\"700\" data-full-url=\"https:\/\/bipservices.net\/wp-content\/uploads\/WhatsApp-Image-2024-08-12-a-17.23.26_609a9cd6-1.jpg\" data-link=\"https:\/\/bipservices.net\/?attachment_id=700\" class=\"wp-image-700\" srcset=\"https:\/\/bipservices.net\/wp-content\/uploads\/WhatsApp-Image-2024-08-12-a-17.23.26_609a9cd6-1-768x1024.jpg 768w, https:\/\/bipservices.net\/wp-content\/uploads\/WhatsApp-Image-2024-08-12-a-17.23.26_609a9cd6-1-225x300.jpg 225w, https:\/\/bipservices.net\/wp-content\/uploads\/WhatsApp-Image-2024-08-12-a-17.23.26_609a9cd6-1.jpg 810w\" sizes=\"(max-width: 768px) 100vw, 768px\" \/><\/figure><\/li><\/ul><\/figure>\n","protected":false},"excerpt":{"rendered":"<p>Pour le succ\u00e8s de leurs op\u00e9rations, les entreprises du monde entier d\u00e9pendent du Facility Management. En mati\u00e8re de Facility Management, BIP\u2019 SERVICES, assure pour ses clients la gestion de l\u2019environnements de travail, et en mati\u00e8re immobilier, nous veillons au bon fonctionnement de votre immeuble et des services g\u00e9n\u00e9raux destin\u00e9s aux utilisateurs. Nous employons au quotidien [&hellip;]<\/p>\n","protected":false},"author":1,"featured_media":0,"parent":0,"menu_order":0,"comment_status":"closed","ping_status":"closed","template":"","meta":[],"yoast_head":"<!-- This site is optimized with the Yoast SEO plugin v17.4 - https:\/\/yoast.com\/wordpress\/plugins\/seo\/ -->\n<meta name=\"robots\" content=\"index, follow, max-snippet:-1, max-image-preview:large, max-video-preview:-1\" \/>\n<link rel=\"canonical\" href=\"https:\/\/bipservices.net\/?page_id=628\" \/>\n<meta property=\"og:locale\" content=\"fr_FR\" \/>\n<meta property=\"og:type\" content=\"article\" \/>\n<meta property=\"og:title\" content=\"Facility Management - BIP&#039; SERVICES\" \/>\n<meta property=\"og:description\" content=\"Pour le succ\u00e8s de leurs op\u00e9rations, les entreprises du monde entier d\u00e9pendent du Facility Management. En mati\u00e8re de Facility Management, BIP\u2019 SERVICES, assure pour ses clients la gestion de l\u2019environnements de travail, et en mati\u00e8re immobilier, nous veillons au bon fonctionnement de votre immeuble et des services g\u00e9n\u00e9raux destin\u00e9s aux utilisateurs. Nous employons au quotidien [&hellip;]\" \/>\n<meta property=\"og:url\" content=\"https:\/\/bipservices.net\/?page_id=628\" \/>\n<meta property=\"og:site_name\" content=\"BIP&#039; SERVICES\" \/>\n<meta property=\"article:modified_time\" content=\"2024-08-12T15:47:46+00:00\" \/>\n<meta property=\"og:image\" content=\"https:\/\/bipservices.net\/wp-content\/uploads\/facility-management-software-1-1.jpg\" \/>\n<meta name=\"twitter:card\" content=\"summary_large_image\" \/>\n<meta name=\"twitter:label1\" content=\"Dur\u00e9e de lecture est.\" \/>\n\t<meta name=\"twitter:data1\" content=\"3 minutes\" \/>\n<script type=\"application\/ld+json\" class=\"yoast-schema-graph\">{\"@context\":\"https:\/\/schema.org\",\"@graph\":[{\"@type\":\"WebSite\",\"@id\":\"https:\/\/bipservices.net\/#website\",\"url\":\"https:\/\/bipservices.net\/\",\"name\":\"BIP&#039; SERVICES\",\"description\":\"Seule l&#039;efficacit\\u00e9 compte\",\"potentialAction\":[{\"@type\":\"SearchAction\",\"target\":{\"@type\":\"EntryPoint\",\"urlTemplate\":\"https:\/\/bipservices.net\/?s={search_term_string}\"},\"query-input\":\"required name=search_term_string\"}],\"inLanguage\":\"fr-FR\"},{\"@type\":\"ImageObject\",\"@id\":\"https:\/\/bipservices.net\/?page_id=628#primaryimage\",\"inLanguage\":\"fr-FR\",\"url\":\"https:\/\/bipservices.net\/wp-content\/uploads\/facility-management-software-1-1.jpg\",\"contentUrl\":\"https:\/\/bipservices.net\/wp-content\/uploads\/facility-management-software-1-1.jpg\",\"width\":826,\"height\":552},{\"@type\":\"WebPage\",\"@id\":\"https:\/\/bipservices.net\/?page_id=628#webpage\",\"url\":\"https:\/\/bipservices.net\/?page_id=628\",\"name\":\"Facility Management - BIP&#039; SERVICES\",\"isPartOf\":{\"@id\":\"https:\/\/bipservices.net\/#website\"},\"primaryImageOfPage\":{\"@id\":\"https:\/\/bipservices.net\/?page_id=628#primaryimage\"},\"datePublished\":\"2024-07-22T23:52:05+00:00\",\"dateModified\":\"2024-08-12T15:47:46+00:00\",\"breadcrumb\":{\"@id\":\"https:\/\/bipservices.net\/?page_id=628#breadcrumb\"},\"inLanguage\":\"fr-FR\",\"potentialAction\":[{\"@type\":\"ReadAction\",\"target\":[\"https:\/\/bipservices.net\/?page_id=628\"]}]},{\"@type\":\"BreadcrumbList\",\"@id\":\"https:\/\/bipservices.net\/?page_id=628#breadcrumb\",\"itemListElement\":[{\"@type\":\"ListItem\",\"position\":1,\"name\":\"Accueil\",\"item\":\"https:\/\/bipservices.net\/\"},{\"@type\":\"ListItem\",\"position\":2,\"name\":\"Facility Management\"}]}]}<\/script>\n<!-- \/ Yoast SEO plugin. -->","yoast_head_json":{"robots":{"index":"index","follow":"follow","max-snippet":"max-snippet:-1","max-image-preview":"max-image-preview:large","max-video-preview":"max-video-preview:-1"},"canonical":"https:\/\/bipservices.net\/?page_id=628","og_locale":"fr_FR","og_type":"article","og_title":"Facility Management - BIP&#039; SERVICES","og_description":"Pour le succ\u00e8s de leurs op\u00e9rations, les entreprises du monde entier d\u00e9pendent du Facility Management. En mati\u00e8re de Facility Management, BIP\u2019 SERVICES, assure pour ses clients la gestion de l\u2019environnements de travail, et en mati\u00e8re immobilier, nous veillons au bon fonctionnement de votre immeuble et des services g\u00e9n\u00e9raux destin\u00e9s aux utilisateurs. Nous employons au quotidien [&hellip;]","og_url":"https:\/\/bipservices.net\/?page_id=628","og_site_name":"BIP&#039; SERVICES","article_modified_time":"2024-08-12T15:47:46+00:00","og_image":[{"url":"https:\/\/bipservices.net\/wp-content\/uploads\/facility-management-software-1-1.jpg"}],"twitter_card":"summary_large_image","twitter_misc":{"Dur\u00e9e de lecture est.":"3 minutes"},"schema":{"@context":"https:\/\/schema.org","@graph":[{"@type":"WebSite","@id":"https:\/\/bipservices.net\/#website","url":"https:\/\/bipservices.net\/","name":"BIP&#039; SERVICES","description":"Seule l&#039;efficacit\u00e9 compte","potentialAction":[{"@type":"SearchAction","target":{"@type":"EntryPoint","urlTemplate":"https:\/\/bipservices.net\/?s={search_term_string}"},"query-input":"required name=search_term_string"}],"inLanguage":"fr-FR"},{"@type":"ImageObject","@id":"https:\/\/bipservices.net\/?page_id=628#primaryimage","inLanguage":"fr-FR","url":"https:\/\/bipservices.net\/wp-content\/uploads\/facility-management-software-1-1.jpg","contentUrl":"https:\/\/bipservices.net\/wp-content\/uploads\/facility-management-software-1-1.jpg","width":826,"height":552},{"@type":"WebPage","@id":"https:\/\/bipservices.net\/?page_id=628#webpage","url":"https:\/\/bipservices.net\/?page_id=628","name":"Facility Management - BIP&#039; SERVICES","isPartOf":{"@id":"https:\/\/bipservices.net\/#website"},"primaryImageOfPage":{"@id":"https:\/\/bipservices.net\/?page_id=628#primaryimage"},"datePublished":"2024-07-22T23:52:05+00:00","dateModified":"2024-08-12T15:47:46+00:00","breadcrumb":{"@id":"https:\/\/bipservices.net\/?page_id=628#breadcrumb"},"inLanguage":"fr-FR","potentialAction":[{"@type":"ReadAction","target":["https:\/\/bipservices.net\/?page_id=628"]}]},{"@type":"BreadcrumbList","@id":"https:\/\/bipservices.net\/?page_id=628#breadcrumb","itemListElement":[{"@type":"ListItem","position":1,"name":"Accueil","item":"https:\/\/bipservices.net\/"},{"@type":"ListItem","position":2,"name":"Facility Management"}]}]}},"_links":{"self":[{"href":"https:\/\/bipservices.net\/index.php?rest_route=\/wp\/v2\/pages\/628"}],"collection":[{"href":"https:\/\/bipservices.net\/index.php?rest_route=\/wp\/v2\/pages"}],"about":[{"href":"https:\/\/bipservices.net\/index.php?rest_route=\/wp\/v2\/types\/page"}],"author":[{"embeddable":true,"href":"https:\/\/bipservices.net\/index.php?rest_route=\/wp\/v2\/users\/1"}],"replies":[{"embeddable":true,"href":"https:\/\/bipservices.net\/index.php?rest_route=%2Fwp%2Fv2%2Fcomments&post=628"}],"version-history":[{"count":16,"href":"https:\/\/bipservices.net\/index.php?rest_route=\/wp\/v2\/pages\/628\/revisions"}],"predecessor-version":[{"id":704,"href":"https:\/\/bipservices.net\/index.php?rest_route=\/wp\/v2\/pages\/628\/revisions\/704"}],"wp:attachment":[{"href":"https:\/\/bipservices.net\/index.php?rest_route=%2Fwp%2Fv2%2Fmedia&parent=628"}],"curies":[{"name":"wp","href":"https:\/\/api.w.org\/{rel}","templated":true}]}}