{"id":665,"date":"2024-07-23T02:53:12","date_gmt":"2024-07-23T00:53:12","guid":{"rendered":"https:\/\/bipservices.net\/?page_id=665"},"modified":"2024-07-23T03:09:04","modified_gmt":"2024-07-23T01:09:04","slug":"transport-logistique","status":"publish","type":"page","link":"https:\/\/bipservices.net\/?page_id=665","title":{"rendered":"Transport &#038; Logistique"},"content":{"rendered":"\n<p>Dans le domaine de transport et logistique, BIP\u2019 SERVICES assure un ensemble de processus impliqu\u00e9s dans la production, le stockage, l\u2019inventaire, la livraison et la distribution de biens ou de services sp\u00e9cifiques \u00e0 sa client\u00e8le. Ces processus font partie int\u00e9grante de l\u2019ensemble de la cha\u00eene d\u2019approvisionnement et implique des proc\u00e9dures proactives pour d\u00e9placer les produits de mani\u00e8re s\u00fbre et efficace des fabricants aux vendeurs, puis aux utilisateurs finaux ou aux consommateurs.<\/p>\n\n\n\n<p>L\u2019objectif principal de la gestion du transport et de la logistique, en particulier pour les entreprises, est de superviser correctement le flux d\u2019approvisionnement d\u2019un point A \u00e0 un point B, et de faire en sorte que les clients re\u00e7oivent les produits \u00e0 temps, sans dommages et conform\u00e9ment \u00e0 leurs attentes.<\/p>\n\n\n\n<figure class=\"wp-block-gallery columns-3 is-cropped\"><ul class=\"blocks-gallery-grid\"><li class=\"blocks-gallery-item\"><figure><img loading=\"lazy\" width=\"720\" height=\"960\" src=\"https:\/\/bipservices.net\/wp-content\/uploads\/WhatsApp-Image-2022-05-16-at-00.56.21.jpeg\" alt=\"\" data-id=\"579\" data-full-url=\"https:\/\/bipservices.net\/wp-content\/uploads\/WhatsApp-Image-2022-05-16-at-00.56.21.jpeg\" data-link=\"https:\/\/bipservices.net\/?attachment_id=579\" class=\"wp-image-579\" srcset=\"https:\/\/bipservices.net\/wp-content\/uploads\/WhatsApp-Image-2022-05-16-at-00.56.21.jpeg 720w, https:\/\/bipservices.net\/wp-content\/uploads\/WhatsApp-Image-2022-05-16-at-00.56.21-225x300.jpeg 225w\" sizes=\"(max-width: 720px) 100vw, 720px\" \/><\/figure><\/li><li class=\"blocks-gallery-item\"><figure><img loading=\"lazy\" width=\"563\" height=\"1000\" src=\"https:\/\/bipservices.net\/wp-content\/uploads\/WhatsApp-Image-2022-03-08-at-18.37.18-1.jpeg\" alt=\"\" data-id=\"574\" data-full-url=\"https:\/\/bipservices.net\/wp-content\/uploads\/WhatsApp-Image-2022-03-08-at-18.37.18-1.jpeg\" data-link=\"https:\/\/bipservices.net\/?attachment_id=574\" class=\"wp-image-574\" srcset=\"https:\/\/bipservices.net\/wp-content\/uploads\/WhatsApp-Image-2022-03-08-at-18.37.18-1.jpeg 563w, https:\/\/bipservices.net\/wp-content\/uploads\/WhatsApp-Image-2022-03-08-at-18.37.18-1-169x300.jpeg 169w\" sizes=\"(max-width: 563px) 100vw, 563px\" \/><\/figure><\/li><li class=\"blocks-gallery-item\"><figure><img loading=\"lazy\" width=\"1024\" height=\"252\" src=\"https:\/\/bipservices.net\/wp-content\/uploads\/entete.jpeg\" alt=\"\" data-id=\"588\" data-full-url=\"https:\/\/bipservices.net\/wp-content\/uploads\/entete.jpeg\" data-link=\"https:\/\/bipservices.net\/?attachment_id=588\" class=\"wp-image-588\" srcset=\"https:\/\/bipservices.net\/wp-content\/uploads\/entete.jpeg 1024w, https:\/\/bipservices.net\/wp-content\/uploads\/entete-300x74.jpeg 300w, https:\/\/bipservices.net\/wp-content\/uploads\/entete-768x189.jpeg 768w\" sizes=\"(max-width: 1024px) 100vw, 1024px\" \/><\/figure><\/li><\/ul><\/figure>\n","protected":false},"excerpt":{"rendered":"<p>Dans le domaine de transport et logistique, BIP\u2019 SERVICES assure un ensemble de processus impliqu\u00e9s dans la production, le stockage, l\u2019inventaire, la livraison et la distribution de biens ou de services sp\u00e9cifiques \u00e0 sa client\u00e8le. Ces processus font partie int\u00e9grante de l\u2019ensemble de la cha\u00eene d\u2019approvisionnement et implique des proc\u00e9dures proactives pour d\u00e9placer les produits [&hellip;]<\/p>\n","protected":false},"author":1,"featured_media":0,"parent":0,"menu_order":0,"comment_status":"closed","ping_status":"closed","template":"","meta":[],"yoast_head":"<!-- This site is optimized with the Yoast SEO plugin v17.4 - https:\/\/yoast.com\/wordpress\/plugins\/seo\/ -->\n<meta name=\"robots\" content=\"index, follow, max-snippet:-1, max-image-preview:large, max-video-preview:-1\" \/>\n<link rel=\"canonical\" href=\"https:\/\/bipservices.net\/?page_id=665\" \/>\n<meta property=\"og:locale\" content=\"fr_FR\" \/>\n<meta property=\"og:type\" content=\"article\" \/>\n<meta property=\"og:title\" content=\"Transport &amp; Logistique - BIP&#039; SERVICES\" \/>\n<meta property=\"og:description\" content=\"Dans le domaine de transport et logistique, BIP\u2019 SERVICES assure un ensemble de processus impliqu\u00e9s dans la production, le stockage, l\u2019inventaire, la livraison et la distribution de biens ou de services sp\u00e9cifiques \u00e0 sa client\u00e8le. Ces processus font partie int\u00e9grante de l\u2019ensemble de la cha\u00eene d\u2019approvisionnement et implique des proc\u00e9dures proactives pour d\u00e9placer les produits [&hellip;]\" \/>\n<meta property=\"og:url\" content=\"https:\/\/bipservices.net\/?page_id=665\" \/>\n<meta property=\"og:site_name\" content=\"BIP&#039; SERVICES\" \/>\n<meta property=\"article:modified_time\" content=\"2024-07-23T01:09:04+00:00\" \/>\n<meta property=\"og:image\" content=\"https:\/\/bipservices.net\/wp-content\/uploads\/WhatsApp-Image-2022-05-16-at-00.56.21.jpeg\" \/>\n<meta name=\"twitter:card\" content=\"summary_large_image\" \/>\n<meta name=\"twitter:label1\" content=\"Dur\u00e9e de lecture est.\" \/>\n\t<meta name=\"twitter:data1\" content=\"2 minutes\" \/>\n<script type=\"application\/ld+json\" class=\"yoast-schema-graph\">{\"@context\":\"https:\/\/schema.org\",\"@graph\":[{\"@type\":\"WebSite\",\"@id\":\"https:\/\/bipservices.net\/#website\",\"url\":\"https:\/\/bipservices.net\/\",\"name\":\"BIP&#039; SERVICES\",\"description\":\"Seule l&#039;efficacit\\u00e9 compte\",\"potentialAction\":[{\"@type\":\"SearchAction\",\"target\":{\"@type\":\"EntryPoint\",\"urlTemplate\":\"https:\/\/bipservices.net\/?s={search_term_string}\"},\"query-input\":\"required name=search_term_string\"}],\"inLanguage\":\"fr-FR\"},{\"@type\":\"ImageObject\",\"@id\":\"https:\/\/bipservices.net\/?page_id=665#primaryimage\",\"inLanguage\":\"fr-FR\",\"url\":\"https:\/\/bipservices.net\/wp-content\/uploads\/WhatsApp-Image-2022-05-16-at-00.56.21.jpeg\",\"contentUrl\":\"https:\/\/bipservices.net\/wp-content\/uploads\/WhatsApp-Image-2022-05-16-at-00.56.21.jpeg\",\"width\":720,\"height\":960},{\"@type\":\"WebPage\",\"@id\":\"https:\/\/bipservices.net\/?page_id=665#webpage\",\"url\":\"https:\/\/bipservices.net\/?page_id=665\",\"name\":\"Transport & Logistique - BIP&#039; SERVICES\",\"isPartOf\":{\"@id\":\"https:\/\/bipservices.net\/#website\"},\"primaryImageOfPage\":{\"@id\":\"https:\/\/bipservices.net\/?page_id=665#primaryimage\"},\"datePublished\":\"2024-07-23T00:53:12+00:00\",\"dateModified\":\"2024-07-23T01:09:04+00:00\",\"breadcrumb\":{\"@id\":\"https:\/\/bipservices.net\/?page_id=665#breadcrumb\"},\"inLanguage\":\"fr-FR\",\"potentialAction\":[{\"@type\":\"ReadAction\",\"target\":[\"https:\/\/bipservices.net\/?page_id=665\"]}]},{\"@type\":\"BreadcrumbList\",\"@id\":\"https:\/\/bipservices.net\/?page_id=665#breadcrumb\",\"itemListElement\":[{\"@type\":\"ListItem\",\"position\":1,\"name\":\"Accueil\",\"item\":\"https:\/\/bipservices.net\/\"},{\"@type\":\"ListItem\",\"position\":2,\"name\":\"Transport &#038; Logistique\"}]}]}<\/script>\n<!-- \/ Yoast SEO plugin. -->","yoast_head_json":{"robots":{"index":"index","follow":"follow","max-snippet":"max-snippet:-1","max-image-preview":"max-image-preview:large","max-video-preview":"max-video-preview:-1"},"canonical":"https:\/\/bipservices.net\/?page_id=665","og_locale":"fr_FR","og_type":"article","og_title":"Transport & Logistique - BIP&#039; SERVICES","og_description":"Dans le domaine de transport et logistique, BIP\u2019 SERVICES assure un ensemble de processus impliqu\u00e9s dans la production, le stockage, l\u2019inventaire, la livraison et la distribution de biens ou de services sp\u00e9cifiques \u00e0 sa client\u00e8le. Ces processus font partie int\u00e9grante de l\u2019ensemble de la cha\u00eene d\u2019approvisionnement et implique des proc\u00e9dures proactives pour d\u00e9placer les produits [&hellip;]","og_url":"https:\/\/bipservices.net\/?page_id=665","og_site_name":"BIP&#039; SERVICES","article_modified_time":"2024-07-23T01:09:04+00:00","og_image":[{"url":"https:\/\/bipservices.net\/wp-content\/uploads\/WhatsApp-Image-2022-05-16-at-00.56.21.jpeg"}],"twitter_card":"summary_large_image","twitter_misc":{"Dur\u00e9e de lecture est.":"2 minutes"},"schema":{"@context":"https:\/\/schema.org","@graph":[{"@type":"WebSite","@id":"https:\/\/bipservices.net\/#website","url":"https:\/\/bipservices.net\/","name":"BIP&#039; SERVICES","description":"Seule l&#039;efficacit\u00e9 compte","potentialAction":[{"@type":"SearchAction","target":{"@type":"EntryPoint","urlTemplate":"https:\/\/bipservices.net\/?s={search_term_string}"},"query-input":"required name=search_term_string"}],"inLanguage":"fr-FR"},{"@type":"ImageObject","@id":"https:\/\/bipservices.net\/?page_id=665#primaryimage","inLanguage":"fr-FR","url":"https:\/\/bipservices.net\/wp-content\/uploads\/WhatsApp-Image-2022-05-16-at-00.56.21.jpeg","contentUrl":"https:\/\/bipservices.net\/wp-content\/uploads\/WhatsApp-Image-2022-05-16-at-00.56.21.jpeg","width":720,"height":960},{"@type":"WebPage","@id":"https:\/\/bipservices.net\/?page_id=665#webpage","url":"https:\/\/bipservices.net\/?page_id=665","name":"Transport & Logistique - BIP&#039; SERVICES","isPartOf":{"@id":"https:\/\/bipservices.net\/#website"},"primaryImageOfPage":{"@id":"https:\/\/bipservices.net\/?page_id=665#primaryimage"},"datePublished":"2024-07-23T00:53:12+00:00","dateModified":"2024-07-23T01:09:04+00:00","breadcrumb":{"@id":"https:\/\/bipservices.net\/?page_id=665#breadcrumb"},"inLanguage":"fr-FR","potentialAction":[{"@type":"ReadAction","target":["https:\/\/bipservices.net\/?page_id=665"]}]},{"@type":"BreadcrumbList","@id":"https:\/\/bipservices.net\/?page_id=665#breadcrumb","itemListElement":[{"@type":"ListItem","position":1,"name":"Accueil","item":"https:\/\/bipservices.net\/"},{"@type":"ListItem","position":2,"name":"Transport &#038; Logistique"}]}]}},"_links":{"self":[{"href":"https:\/\/bipservices.net\/index.php?rest_route=\/wp\/v2\/pages\/665"}],"collection":[{"href":"https:\/\/bipservices.net\/index.php?rest_route=\/wp\/v2\/pages"}],"about":[{"href":"https:\/\/bipservices.net\/index.php?rest_route=\/wp\/v2\/types\/page"}],"author":[{"embeddable":true,"href":"https:\/\/bipservices.net\/index.php?rest_route=\/wp\/v2\/users\/1"}],"replies":[{"embeddable":true,"href":"https:\/\/bipservices.net\/index.php?rest_route=%2Fwp%2Fv2%2Fcomments&post=665"}],"version-history":[{"count":1,"href":"https:\/\/bipservices.net\/index.php?rest_route=\/wp\/v2\/pages\/665\/revisions"}],"predecessor-version":[{"id":666,"href":"https:\/\/bipservices.net\/index.php?rest_route=\/wp\/v2\/pages\/665\/revisions\/666"}],"wp:attachment":[{"href":"https:\/\/bipservices.net\/index.php?rest_route=%2Fwp%2Fv2%2Fmedia&parent=665"}],"curies":[{"name":"wp","href":"https:\/\/api.w.org\/{rel}","templated":true}]}}