{"id":677,"date":"2024-07-23T03:21:22","date_gmt":"2024-07-23T01:21:22","guid":{"rendered":"https:\/\/bipservices.net\/?page_id=677"},"modified":"2024-07-23T03:28:15","modified_gmt":"2024-07-23T01:28:15","slug":"nettoyage-et-entretien","status":"publish","type":"page","link":"https:\/\/bipservices.net\/?page_id=677","title":{"rendered":"Nettoyage et Entretien"},"content":{"rendered":"\n<p><strong>BIP\u2019 SERVICES<\/strong> pour vos domiciles et entreprise, contribue \u00e0 maintenir en \u00e9tat de propret\u00e9 et de fonctionnement les locaux dans lesquels il est affect\u00e9. Il r\u00e9alise les op\u00e9rations de nettoyage des surfaces et des installations.<\/p>\n\n\n\n<p>Le Service <strong>Nettoyage et Entretien<\/strong> d\u00e9poussi\u00e8re, lave, d\u00e9sinfecte les lieux professionnels, nous sommes professionnels du m\u00e9nage, nous suivons tr\u00e8s souvent un cahier des charges. Nous effectuons les op\u00e9rations d\u2019entretien \u00e0 grande \u00e9chelle. Nous rendons les bureaux et les espaces propres, sains, et agr\u00e9ables \u00e0 occuper. Nous nous chargeons des sols, du mobilier, des vitres\u2026 Nous vidons les poubelles et \u00e9vacuons les d\u00e9chets courants. nous v\u00e9rifions l\u2019\u00e9tat de propret\u00e9 avant et apr\u00e8s intervention.<\/p>\n\n\n\n<figure class=\"wp-block-gallery columns-3 is-cropped\"><ul class=\"blocks-gallery-grid\"><li class=\"blocks-gallery-item\"><figure><img loading=\"lazy\" width=\"1024\" height=\"682\" src=\"https:\/\/bipservices.net\/wp-content\/uploads\/GetPaidStock.com-61ae4704a0f5c.jpg\" alt=\"\" data-id=\"680\" data-full-url=\"https:\/\/bipservices.net\/wp-content\/uploads\/GetPaidStock.com-61ae4704a0f5c.jpg\" data-link=\"https:\/\/bipservices.net\/?attachment_id=680\" class=\"wp-image-680\" srcset=\"https:\/\/bipservices.net\/wp-content\/uploads\/GetPaidStock.com-61ae4704a0f5c.jpg 1024w, https:\/\/bipservices.net\/wp-content\/uploads\/GetPaidStock.com-61ae4704a0f5c-300x200.jpg 300w, https:\/\/bipservices.net\/wp-content\/uploads\/GetPaidStock.com-61ae4704a0f5c-768x512.jpg 768w\" sizes=\"(max-width: 1024px) 100vw, 1024px\" \/><figcaption class=\"blocks-gallery-item__caption\">Cleaning team wiping the floor using mops in the flat<\/figcaption><\/figure><\/li><li class=\"blocks-gallery-item\"><figure><img loading=\"lazy\" width=\"595\" height=\"446\" src=\"https:\/\/bipservices.net\/wp-content\/uploads\/industrial.jpg\" alt=\"\" data-id=\"681\" data-full-url=\"https:\/\/bipservices.net\/wp-content\/uploads\/industrial.jpg\" data-link=\"https:\/\/bipservices.net\/?attachment_id=681\" class=\"wp-image-681\" srcset=\"https:\/\/bipservices.net\/wp-content\/uploads\/industrial.jpg 595w, https:\/\/bipservices.net\/wp-content\/uploads\/industrial-300x225.jpg 300w\" sizes=\"(max-width: 595px) 100vw, 595px\" \/><\/figure><\/li><li class=\"blocks-gallery-item\"><figure><img loading=\"lazy\" width=\"612\" height=\"408\" src=\"https:\/\/bipservices.net\/wp-content\/uploads\/istockphoto-590277932-612x612-1.jpg\" alt=\"\" data-id=\"682\" data-full-url=\"https:\/\/bipservices.net\/wp-content\/uploads\/istockphoto-590277932-612x612-1.jpg\" data-link=\"https:\/\/bipservices.net\/?attachment_id=682\" class=\"wp-image-682\" srcset=\"https:\/\/bipservices.net\/wp-content\/uploads\/istockphoto-590277932-612x612-1.jpg 612w, https:\/\/bipservices.net\/wp-content\/uploads\/istockphoto-590277932-612x612-1-300x200.jpg 300w\" sizes=\"(max-width: 612px) 100vw, 612px\" \/><figcaption class=\"blocks-gallery-item__caption\">Group of friends as a professional cleaners tiding up big apartment<\/figcaption><\/figure><\/li><\/ul><\/figure>\n","protected":false},"excerpt":{"rendered":"<p>BIP\u2019 SERVICES pour vos domiciles et entreprise, contribue \u00e0 maintenir en \u00e9tat de propret\u00e9 et de fonctionnement les locaux dans lesquels il est affect\u00e9. Il r\u00e9alise les op\u00e9rations de nettoyage des surfaces et des installations. Le Service Nettoyage et Entretien d\u00e9poussi\u00e8re, lave, d\u00e9sinfecte les lieux professionnels, nous sommes professionnels du m\u00e9nage, nous suivons tr\u00e8s souvent [&hellip;]<\/p>\n","protected":false},"author":1,"featured_media":0,"parent":0,"menu_order":0,"comment_status":"closed","ping_status":"closed","template":"","meta":[],"yoast_head":"<!-- This site is optimized with the Yoast SEO plugin v17.4 - https:\/\/yoast.com\/wordpress\/plugins\/seo\/ -->\n<meta name=\"robots\" content=\"index, follow, max-snippet:-1, max-image-preview:large, max-video-preview:-1\" \/>\n<link rel=\"canonical\" href=\"https:\/\/bipservices.net\/?page_id=677\" \/>\n<meta property=\"og:locale\" content=\"fr_FR\" \/>\n<meta property=\"og:type\" content=\"article\" \/>\n<meta property=\"og:title\" content=\"Nettoyage et Entretien - BIP&#039; SERVICES\" \/>\n<meta property=\"og:description\" content=\"BIP\u2019 SERVICES pour vos domiciles et entreprise, contribue \u00e0 maintenir en \u00e9tat de propret\u00e9 et de fonctionnement les locaux dans lesquels il est affect\u00e9. Il r\u00e9alise les op\u00e9rations de nettoyage des surfaces et des installations. Le Service Nettoyage et Entretien d\u00e9poussi\u00e8re, lave, d\u00e9sinfecte les lieux professionnels, nous sommes professionnels du m\u00e9nage, nous suivons tr\u00e8s souvent [&hellip;]\" \/>\n<meta property=\"og:url\" content=\"https:\/\/bipservices.net\/?page_id=677\" \/>\n<meta property=\"og:site_name\" content=\"BIP&#039; SERVICES\" \/>\n<meta property=\"article:modified_time\" content=\"2024-07-23T01:28:15+00:00\" \/>\n<meta property=\"og:image\" content=\"https:\/\/bipservices.net\/wp-content\/uploads\/GetPaidStock.com-61ae4704a0f5c.jpg\" \/>\n<meta name=\"twitter:card\" content=\"summary_large_image\" \/>\n<meta name=\"twitter:label1\" content=\"Dur\u00e9e de lecture est.\" \/>\n\t<meta name=\"twitter:data1\" content=\"2 minutes\" \/>\n<script type=\"application\/ld+json\" class=\"yoast-schema-graph\">{\"@context\":\"https:\/\/schema.org\",\"@graph\":[{\"@type\":\"WebSite\",\"@id\":\"https:\/\/bipservices.net\/#website\",\"url\":\"https:\/\/bipservices.net\/\",\"name\":\"BIP&#039; SERVICES\",\"description\":\"Seule l&#039;efficacit\\u00e9 compte\",\"potentialAction\":[{\"@type\":\"SearchAction\",\"target\":{\"@type\":\"EntryPoint\",\"urlTemplate\":\"https:\/\/bipservices.net\/?s={search_term_string}\"},\"query-input\":\"required name=search_term_string\"}],\"inLanguage\":\"fr-FR\"},{\"@type\":\"ImageObject\",\"@id\":\"https:\/\/bipservices.net\/?page_id=677#primaryimage\",\"inLanguage\":\"fr-FR\",\"url\":\"https:\/\/bipservices.net\/wp-content\/uploads\/GetPaidStock.com-61ae4704a0f5c.jpg\",\"contentUrl\":\"https:\/\/bipservices.net\/wp-content\/uploads\/GetPaidStock.com-61ae4704a0f5c.jpg\",\"width\":1024,\"height\":682,\"caption\":\"Cleaning team wiping the floor using mops in the flat\"},{\"@type\":\"WebPage\",\"@id\":\"https:\/\/bipservices.net\/?page_id=677#webpage\",\"url\":\"https:\/\/bipservices.net\/?page_id=677\",\"name\":\"Nettoyage et Entretien - BIP&#039; SERVICES\",\"isPartOf\":{\"@id\":\"https:\/\/bipservices.net\/#website\"},\"primaryImageOfPage\":{\"@id\":\"https:\/\/bipservices.net\/?page_id=677#primaryimage\"},\"datePublished\":\"2024-07-23T01:21:22+00:00\",\"dateModified\":\"2024-07-23T01:28:15+00:00\",\"breadcrumb\":{\"@id\":\"https:\/\/bipservices.net\/?page_id=677#breadcrumb\"},\"inLanguage\":\"fr-FR\",\"potentialAction\":[{\"@type\":\"ReadAction\",\"target\":[\"https:\/\/bipservices.net\/?page_id=677\"]}]},{\"@type\":\"BreadcrumbList\",\"@id\":\"https:\/\/bipservices.net\/?page_id=677#breadcrumb\",\"itemListElement\":[{\"@type\":\"ListItem\",\"position\":1,\"name\":\"Accueil\",\"item\":\"https:\/\/bipservices.net\/\"},{\"@type\":\"ListItem\",\"position\":2,\"name\":\"Nettoyage et Entretien\"}]}]}<\/script>\n<!-- \/ Yoast SEO plugin. -->","yoast_head_json":{"robots":{"index":"index","follow":"follow","max-snippet":"max-snippet:-1","max-image-preview":"max-image-preview:large","max-video-preview":"max-video-preview:-1"},"canonical":"https:\/\/bipservices.net\/?page_id=677","og_locale":"fr_FR","og_type":"article","og_title":"Nettoyage et Entretien - BIP&#039; SERVICES","og_description":"BIP\u2019 SERVICES pour vos domiciles et entreprise, contribue \u00e0 maintenir en \u00e9tat de propret\u00e9 et de fonctionnement les locaux dans lesquels il est affect\u00e9. Il r\u00e9alise les op\u00e9rations de nettoyage des surfaces et des installations. Le Service Nettoyage et Entretien d\u00e9poussi\u00e8re, lave, d\u00e9sinfecte les lieux professionnels, nous sommes professionnels du m\u00e9nage, nous suivons tr\u00e8s souvent [&hellip;]","og_url":"https:\/\/bipservices.net\/?page_id=677","og_site_name":"BIP&#039; SERVICES","article_modified_time":"2024-07-23T01:28:15+00:00","og_image":[{"url":"https:\/\/bipservices.net\/wp-content\/uploads\/GetPaidStock.com-61ae4704a0f5c.jpg"}],"twitter_card":"summary_large_image","twitter_misc":{"Dur\u00e9e de lecture est.":"2 minutes"},"schema":{"@context":"https:\/\/schema.org","@graph":[{"@type":"WebSite","@id":"https:\/\/bipservices.net\/#website","url":"https:\/\/bipservices.net\/","name":"BIP&#039; SERVICES","description":"Seule l&#039;efficacit\u00e9 compte","potentialAction":[{"@type":"SearchAction","target":{"@type":"EntryPoint","urlTemplate":"https:\/\/bipservices.net\/?s={search_term_string}"},"query-input":"required name=search_term_string"}],"inLanguage":"fr-FR"},{"@type":"ImageObject","@id":"https:\/\/bipservices.net\/?page_id=677#primaryimage","inLanguage":"fr-FR","url":"https:\/\/bipservices.net\/wp-content\/uploads\/GetPaidStock.com-61ae4704a0f5c.jpg","contentUrl":"https:\/\/bipservices.net\/wp-content\/uploads\/GetPaidStock.com-61ae4704a0f5c.jpg","width":1024,"height":682,"caption":"Cleaning team wiping the floor using mops in the flat"},{"@type":"WebPage","@id":"https:\/\/bipservices.net\/?page_id=677#webpage","url":"https:\/\/bipservices.net\/?page_id=677","name":"Nettoyage et Entretien - BIP&#039; SERVICES","isPartOf":{"@id":"https:\/\/bipservices.net\/#website"},"primaryImageOfPage":{"@id":"https:\/\/bipservices.net\/?page_id=677#primaryimage"},"datePublished":"2024-07-23T01:21:22+00:00","dateModified":"2024-07-23T01:28:15+00:00","breadcrumb":{"@id":"https:\/\/bipservices.net\/?page_id=677#breadcrumb"},"inLanguage":"fr-FR","potentialAction":[{"@type":"ReadAction","target":["https:\/\/bipservices.net\/?page_id=677"]}]},{"@type":"BreadcrumbList","@id":"https:\/\/bipservices.net\/?page_id=677#breadcrumb","itemListElement":[{"@type":"ListItem","position":1,"name":"Accueil","item":"https:\/\/bipservices.net\/"},{"@type":"ListItem","position":2,"name":"Nettoyage et Entretien"}]}]}},"_links":{"self":[{"href":"https:\/\/bipservices.net\/index.php?rest_route=\/wp\/v2\/pages\/677"}],"collection":[{"href":"https:\/\/bipservices.net\/index.php?rest_route=\/wp\/v2\/pages"}],"about":[{"href":"https:\/\/bipservices.net\/index.php?rest_route=\/wp\/v2\/types\/page"}],"author":[{"embeddable":true,"href":"https:\/\/bipservices.net\/index.php?rest_route=\/wp\/v2\/users\/1"}],"replies":[{"embeddable":true,"href":"https:\/\/bipservices.net\/index.php?rest_route=%2Fwp%2Fv2%2Fcomments&post=677"}],"version-history":[{"count":2,"href":"https:\/\/bipservices.net\/index.php?rest_route=\/wp\/v2\/pages\/677\/revisions"}],"predecessor-version":[{"id":683,"href":"https:\/\/bipservices.net\/index.php?rest_route=\/wp\/v2\/pages\/677\/revisions\/683"}],"wp:attachment":[{"href":"https:\/\/bipservices.net\/index.php?rest_route=%2Fwp%2Fv2%2Fmedia&parent=677"}],"curies":[{"name":"wp","href":"https:\/\/api.w.org\/{rel}","templated":true}]}}